{"id":19,"date":"2020-01-16T09:42:23","date_gmt":"2020-01-16T09:42:23","guid":{"rendered":"http:\/\/emmapariast.es\/?page_id=19"},"modified":"2025-11-12T12:07:23","modified_gmt":"2025-11-12T12:07:23","slug":"sobre-mi","status":"publish","type":"page","link":"https:\/\/emmapariast.es\/es\/sobre-mi\/","title":{"rendered":"Acerca de m\u00ed"},"content":{"rendered":"<div data-elementor-type=\"wp-page\" data-elementor-id=\"19\" class=\"elementor elementor-19\">\n\t\t\t\t\t\t<section class=\"elementor-section elementor-top-section elementor-element elementor-element-84ef4d9 elementor-section-full_width elementor-section-height-full elementor-section-items-stretch elementor-section-height-default\" data-id=\"84ef4d9\" data-element_type=\"section\" data-settings=\"{&quot;background_background&quot;:&quot;classic&quot;}\">\n\t\t\t\t\t\t<div class=\"elementor-container elementor-column-gap-default\">\n\t\t\t\t\t<div class=\"elementor-column elementor-col-50 elementor-top-column elementor-element elementor-element-0d281e1\" data-id=\"0d281e1\" data-element_type=\"column\" data-settings=\"{&quot;background_background&quot;:&quot;classic&quot;}\">\n\t\t\t<div class=\"elementor-widget-wrap elementor-element-populated\">\n\t\t\t\t\t\t<div class=\"elementor-element elementor-element-3d08581 elementor-widget elementor-widget-image\" data-id=\"3d08581\" data-element_type=\"widget\" data-widget_type=\"image.default\">\n\t\t\t\t<div class=\"elementor-widget-container\">\n\t\t\t\t\t\t\t\t\t\t\t\t\t<img fetchpriority=\"high\" decoding=\"async\" width=\"768\" height=\"1024\" src=\"https:\/\/emmapariast.es\/wp-content\/uploads\/2025\/11\/Sobre-mi-pequena-izquierda--768x1024.jpg\" class=\"attachment-large size-large wp-image-632\" alt=\"\" srcset=\"https:\/\/emmapariast.es\/wp-content\/uploads\/2025\/11\/Sobre-mi-pequena-izquierda--768x1024.jpg 768w, https:\/\/emmapariast.es\/wp-content\/uploads\/2025\/11\/Sobre-mi-pequena-izquierda--225x300.jpg 225w, https:\/\/emmapariast.es\/wp-content\/uploads\/2025\/11\/Sobre-mi-pequena-izquierda--1152x1536.jpg 1152w, https:\/\/emmapariast.es\/wp-content\/uploads\/2025\/11\/Sobre-mi-pequena-izquierda--1536x2048.jpg 1536w, https:\/\/emmapariast.es\/wp-content\/uploads\/2025\/11\/Sobre-mi-pequena-izquierda--9x12.jpg 9w, https:\/\/emmapariast.es\/wp-content\/uploads\/2025\/11\/Sobre-mi-pequena-izquierda-.jpg 1920w\" sizes=\"(max-width: 768px) 100vw, 768px\" \/>\t\t\t\t\t\t\t\t\t\t\t\t\t<\/div>\n\t\t\t\t<\/div>\n\t\t\t\t<div class=\"elementor-element elementor-element-8f042db elementor-widget elementor-widget-image\" data-id=\"8f042db\" data-element_type=\"widget\" data-widget_type=\"image.default\">\n\t\t\t\t<div class=\"elementor-widget-container\">\n\t\t\t\t\t\t\t\t\t\t\t\t\t<img decoding=\"async\" width=\"300\" height=\"174\" src=\"https:\/\/emmapariast.es\/wp-content\/uploads\/2020\/10\/Home2-1.png\" class=\"attachment-large size-large wp-image-145\" alt=\"\" \/>\t\t\t\t\t\t\t\t\t\t\t\t\t<\/div>\n\t\t\t\t<\/div>\n\t\t\t\t\t<\/div>\n\t\t<\/div>\n\t\t\t\t<div class=\"elementor-column elementor-col-50 elementor-top-column elementor-element elementor-element-3ed7b76 elementor-hidden-phone\" data-id=\"3ed7b76\" data-element_type=\"column\" data-settings=\"{&quot;background_background&quot;:&quot;slideshow&quot;,&quot;background_slideshow_gallery&quot;:[{&quot;id&quot;:633,&quot;url&quot;:&quot;http:\\\/\\\/emmapariast.es\\\/wp-content\\\/uploads\\\/2025\\\/11\\\/Carrusel-1-.jpg&quot;},{&quot;id&quot;:634,&quot;url&quot;:&quot;http:\\\/\\\/emmapariast.es\\\/wp-content\\\/uploads\\\/2025\\\/11\\\/Carrusel-2-.jpg&quot;},{&quot;id&quot;:635,&quot;url&quot;:&quot;http:\\\/\\\/emmapariast.es\\\/wp-content\\\/uploads\\\/2025\\\/11\\\/Carrusel-3-.jpg&quot;},{&quot;id&quot;:637,&quot;url&quot;:&quot;http:\\\/\\\/emmapariast.es\\\/wp-content\\\/uploads\\\/2025\\\/11\\\/Carrusel-4.jpg&quot;}],&quot;background_slideshow_slide_duration&quot;:3000,&quot;background_slideshow_ken_burns&quot;:&quot;yes&quot;,&quot;background_slideshow_loop&quot;:&quot;yes&quot;,&quot;background_slideshow_slide_transition&quot;:&quot;fade&quot;,&quot;background_slideshow_transition_duration&quot;:500,&quot;background_slideshow_ken_burns_zoom_direction&quot;:&quot;in&quot;}\">\n\t\t\t<div class=\"elementor-widget-wrap\">\n\t\t\t\t\t\t\t<\/div>\n\t\t<\/div>\n\t\t\t\t\t<\/div>\n\t\t<\/section>\n\t\t\t\t<section class=\"elementor-section elementor-top-section elementor-element elementor-element-375313e elementor-section-height-min-height elementor-section-boxed elementor-section-height-default elementor-section-items-middle\" data-id=\"375313e\" data-element_type=\"section\" data-settings=\"{&quot;background_background&quot;:&quot;classic&quot;}\">\n\t\t\t\t\t\t<div class=\"elementor-container elementor-column-gap-default\">\n\t\t\t\t\t<div class=\"elementor-column elementor-col-50 elementor-top-column elementor-element elementor-element-d2e636b\" data-id=\"d2e636b\" data-element_type=\"column\">\n\t\t\t<div class=\"elementor-widget-wrap elementor-element-populated\">\n\t\t\t\t\t\t<div class=\"elementor-element elementor-element-6cf9ff8 elementor-widget elementor-widget-text-editor\" data-id=\"6cf9ff8\" data-element_type=\"widget\" data-widget_type=\"text-editor.default\">\n\t\t\t\t<div class=\"elementor-widget-container\">\n\t\t\t\t\t\t\t<p>Hace a\u00f1os vi que el mundo de la interpretaci\u00f3n me fascinaba y decid\u00ed empezar a formarme como actriz. As\u00ed que empec\u00e9 haciendo el bachillerato esc\u00e9nico para ver si realmente estaba a lo que yo quer\u00eda dedicarme, y acert\u00e9. Actualmente, me estoy formando en el Institut del Teatre en la especialidad de interpretaci\u00f3n musical y tambi\u00e9n en el Estudi Laura Jou: estudio por el actor.<\/p>\t\t\t\t\t\t<\/div>\n\t\t\t\t<\/div>\n\t\t\t\t\t<\/div>\n\t\t<\/div>\n\t\t\t\t<div class=\"elementor-column elementor-col-50 elementor-top-column elementor-element elementor-element-2257cf8\" data-id=\"2257cf8\" data-element_type=\"column\">\n\t\t\t<div class=\"elementor-widget-wrap elementor-element-populated\">\n\t\t\t\t\t\t<div class=\"elementor-element elementor-element-24c9496 elementor-widget elementor-widget-image\" data-id=\"24c9496\" data-element_type=\"widget\" data-widget_type=\"image.default\">\n\t\t\t\t<div class=\"elementor-widget-container\">\n\t\t\t\t\t\t\t\t\t\t\t\t\t<img decoding=\"async\" width=\"768\" height=\"1024\" src=\"https:\/\/emmapariast.es\/wp-content\/uploads\/2024\/11\/sota-carrusel-768x1024.jpeg\" class=\"attachment-large size-large wp-image-596\" alt=\"\" srcset=\"https:\/\/emmapariast.es\/wp-content\/uploads\/2024\/11\/sota-carrusel-768x1024.jpeg 768w, https:\/\/emmapariast.es\/wp-content\/uploads\/2024\/11\/sota-carrusel-225x300.jpeg 225w, https:\/\/emmapariast.es\/wp-content\/uploads\/2024\/11\/sota-carrusel-1152x1536.jpeg 1152w, https:\/\/emmapariast.es\/wp-content\/uploads\/2024\/11\/sota-carrusel-1536x2048.jpeg 1536w, https:\/\/emmapariast.es\/wp-content\/uploads\/2024\/11\/sota-carrusel-9x12.jpeg 9w\" sizes=\"(max-width: 768px) 100vw, 768px\" \/>\t\t\t\t\t\t\t\t\t\t\t\t\t<\/div>\n\t\t\t\t<\/div>\n\t\t\t\t\t<\/div>\n\t\t<\/div>\n\t\t\t\t\t<\/div>\n\t\t<\/section>\n\t\t\t\t<section class=\"elementor-section elementor-top-section elementor-element elementor-element-dd8b88c elementor-section-full_width elementor-section-height-min-height elementor-reverse-mobile elementor-section-height-default elementor-section-items-middle\" data-id=\"dd8b88c\" data-element_type=\"section\" data-settings=\"{&quot;background_background&quot;:&quot;classic&quot;}\">\n\t\t\t\t\t\t<div class=\"elementor-container elementor-column-gap-default\">\n\t\t\t\t\t<div class=\"elementor-column elementor-col-50 elementor-top-column elementor-element elementor-element-034ceeb\" data-id=\"034ceeb\" data-element_type=\"column\">\n\t\t\t<div class=\"elementor-widget-wrap elementor-element-populated\">\n\t\t\t\t\t\t<div class=\"elementor-element elementor-element-ea7259b elementor-widget elementor-widget-image\" data-id=\"ea7259b\" data-element_type=\"widget\" data-widget_type=\"image.default\">\n\t\t\t\t<div class=\"elementor-widget-container\">\n\t\t\t\t\t\t\t\t\t\t\t\t\t<img loading=\"lazy\" decoding=\"async\" width=\"800\" height=\"534\" src=\"https:\/\/emmapariast.es\/wp-content\/uploads\/2024\/11\/esquerre-2-1024x683.jpg\" class=\"attachment-large size-large wp-image-532\" alt=\"\" srcset=\"https:\/\/emmapariast.es\/wp-content\/uploads\/2024\/11\/esquerre-2-1024x683.jpg 1024w, https:\/\/emmapariast.es\/wp-content\/uploads\/2024\/11\/esquerre-2-300x200.jpg 300w, https:\/\/emmapariast.es\/wp-content\/uploads\/2024\/11\/esquerre-2-768x512.jpg 768w, https:\/\/emmapariast.es\/wp-content\/uploads\/2024\/11\/esquerre-2-1536x1024.jpg 1536w, https:\/\/emmapariast.es\/wp-content\/uploads\/2024\/11\/esquerre-2.jpg 1600w\" sizes=\"(max-width: 800px) 100vw, 800px\" \/>\t\t\t\t\t\t\t\t\t\t\t\t\t<\/div>\n\t\t\t\t<\/div>\n\t\t\t\t\t<\/div>\n\t\t<\/div>\n\t\t\t\t<div class=\"elementor-column elementor-col-50 elementor-top-column elementor-element elementor-element-6d9b5c5\" data-id=\"6d9b5c5\" data-element_type=\"column\">\n\t\t\t<div class=\"elementor-widget-wrap elementor-element-populated\">\n\t\t\t\t\t\t<div class=\"elementor-element elementor-element-34a0b10 elementor-widget elementor-widget-text-editor\" data-id=\"34a0b10\" data-element_type=\"widget\" data-widget_type=\"text-editor.default\">\n\t\t\t\t<div class=\"elementor-widget-container\">\n\t\t\t\t\t\t\t<p>M\u00e1s all\u00e1 de la interpretaci\u00f3n, desde peque\u00f1a que siento un v\u00ednculo muy especial con la m\u00fasica, y por eso empec\u00e9 a estudiar en el Conservatorio Profesional de M\u00fasica de Badalona con 6 a\u00f1os.<br \/>Actualmente, soy graduada del Grado Profesional de M\u00fasica en la especialidad de Trompeta. Adem\u00e1s, durante mis a\u00f1os en el Conservatorio tambi\u00e9n me form\u00e9 como saxofonista durante 3 a\u00f1os en la Escuela de M\u00fasica Moderna de Badalona. Hoy en d\u00eda sigo vinculada al mundo de la m\u00fasica siendo miembro de la Banda Sinf\u00f3nica de Badalona, con la que tengo m\u00e1s de 7 a\u00f1os de experiencia como trompetista y ahora empiezo mi nueva etapa como saxofonista.<\/p>\t\t\t\t\t\t<\/div>\n\t\t\t\t<\/div>\n\t\t\t\t\t<\/div>\n\t\t<\/div>\n\t\t\t\t\t<\/div>\n\t\t<\/section>\n\t\t\t\t<\/div>","protected":false},"excerpt":{"rendered":"<p>Fa anys vaig veure que el m\u00f3n de la interpretaci\u00f3 em fascinava i vaig decidir comen\u00e7ar a formar-me com a actriu. Aix\u00ed que vaig comen\u00e7ar fent el batxillerat esc\u00e8nic per veure si realment era al que jo em volia dedicar, i vaig encertar. Actualment, m\u2019estic formant a l\u2019Institut del Teatre en l\u2019especialitat d\u2019interpretaci\u00f3 musical i [&hellip;]<\/p>","protected":false},"author":1,"featured_media":0,"parent":0,"menu_order":0,"comment_status":"closed","ping_status":"closed","template":"elementor_header_footer","meta":{"rank_math_lock_modified_date":false,"footnotes":""},"class_list":["post-19","page","type-page","status-publish","hentry"],"_links":{"self":[{"href":"https:\/\/emmapariast.es\/es\/wp-json\/wp\/v2\/pages\/19"}],"collection":[{"href":"https:\/\/emmapariast.es\/es\/wp-json\/wp\/v2\/pages"}],"about":[{"href":"https:\/\/emmapariast.es\/es\/wp-json\/wp\/v2\/types\/page"}],"author":[{"embeddable":true,"href":"https:\/\/emmapariast.es\/es\/wp-json\/wp\/v2\/users\/1"}],"replies":[{"embeddable":true,"href":"https:\/\/emmapariast.es\/es\/wp-json\/wp\/v2\/comments?post=19"}],"version-history":[{"count":20,"href":"https:\/\/emmapariast.es\/es\/wp-json\/wp\/v2\/pages\/19\/revisions"}],"predecessor-version":[{"id":651,"href":"https:\/\/emmapariast.es\/es\/wp-json\/wp\/v2\/pages\/19\/revisions\/651"}],"wp:attachment":[{"href":"https:\/\/emmapariast.es\/es\/wp-json\/wp\/v2\/media?parent=19"}],"curies":[{"name":"wp","href":"https:\/\/api.w.org\/{rel}","templated":true}]}}